{"id":3086,"date":"2024-10-09T18:01:28","date_gmt":"2024-10-09T16:01:28","guid":{"rendered":"https:\/\/www.dosita.com\/?page_id=3086"},"modified":"2024-11-06T11:04:28","modified_gmt":"2024-11-06T09:04:28","slug":"privacy-policy","status":"publish","type":"page","link":"https:\/\/www.dosita.com\/en\/privacy-policy\/","title":{"rendered":"Privacy policy"},"content":{"rendered":"<div class=\"fusion-fullwidth fullwidth-box fusion-builder-row-1 fusion-flex-container has-pattern-background has-mask-background nonhundred-percent-fullwidth non-hundred-percent-height-scrolling\" style=\"--awb-border-sizes-top:1px;--awb-border-color:var(--awb-color2);--awb-border-radius-top-left:0px;--awb-border-radius-top-right:0px;--awb-border-radius-bottom-right:0px;--awb-border-radius-bottom-left:0px;--awb-padding-top:40px;--awb-padding-bottom:60px;--awb-background-color:var(--awb-color2);--awb-flex-wrap:wrap;\" ><div class=\"fusion-builder-row fusion-row fusion-flex-align-items-flex-start fusion-flex-content-wrap\" style=\"max-width:1248px;margin-left: calc(-4% \/ 2 );margin-right: calc(-4% \/ 2 );\"><div class=\"fusion-layout-column fusion_builder_column fusion-builder-column-0 fusion_builder_column_1_1 1_1 fusion-flex-column\" style=\"--awb-bg-size:cover;--awb-width-large:100%;--awb-spacing-right-large:1.92%;--awb-margin-bottom-large:0px;--awb-spacing-left-large:1.92%;--awb-width-medium:100%;--awb-order-medium:0;--awb-spacing-right-medium:1.92%;--awb-spacing-left-medium:1.92%;--awb-width-small:100%;--awb-order-small:0;--awb-spacing-right-small:1.92%;--awb-spacing-left-small:1.92%;\"><div class=\"fusion-column-wrapper fusion-column-has-shadow fusion-flex-justify-content-flex-start fusion-content-layout-column\"><div class=\"fusion-text fusion-text-1\"><h4>1. Introduzione<\/h4>\n<p>Ai sensi dell\u2019art. 13 e 14 Regolamento Europeo 2016\/679, le comunichiamo quanto segue:<br \/>\nla ditta <strong>Dosita S.r.l.<\/strong>, con sede legale in <strong>Via Dr. Renaldo Balducci, 39 \u2013 02043 Contigliano (RI)<\/strong>, Partita IVA <strong>01069040572<\/strong>, iscritta al REA con numero <strong>RI-65953<\/strong>, email <strong>info@dosita.it<\/strong>, PEC <strong>dositasrl@pec.it<\/strong>, telefono <strong>+39 393.8917942<\/strong>, riconosce in <strong>Roberto Angher<\/strong> il responsabile del trattamento dei dati raccolti attraverso il sito <strong>www.dosita.it<\/strong>.<\/p>\n<h4>2. Quali dati personali raccogliamo e perch\u00e9 li raccogliamo<\/h4>\n<p>I dati personali sono informazioni che possono essere utilizzate per identificare direttamente o indirettamente l\u2019utente. I dati personali includono anche informazioni anonime collegate alle informazioni utilizzabili per identificare direttamente o indirettamente l\u2019utente. I dati personali non includono informazioni che possono essere rese anonime in modo irreversibile o raggruppate in modo tale da impedirci di identificare, direttamente o indirettamente, l\u2019utente.<\/p>\n<p>Qui di seguito riportiamo una descrizione dei tipi di dati personali che possiamo raccogliere e del modo in cui possiamo utilizzarli.<\/p>\n<p><u>Dati personali che raccogliamo<\/u><\/p>\n<p>A seconda dei prodotti e dei servizi utilizzati, raccogliamo diversi tipi di dati personali da o sull\u2019utente.<\/p>\n<ul>\n<li><b>Informazioni fornite<\/b>: Raccogliamo i dati personali dell\u2019utente, come ad es. nome, nome utente o indirizzo e-mail, quando l\u2019utente usa i nostri prodotti e servizi, crea un account, ci contatta, inserisce un commento sul sito o acquista un prodotto sulla nostra piattaforma e-commerce.<\/li>\n<li><b>Informazioni sui pagamenti<\/b>: Quando l\u2019utente completa un acquisto, i dati personali collegati all\u2019acquisto vengono raccolti. Tali dati includono informazioni sull\u2019account e sull\u2019autenticazione e informazioni di fatturazione, di spedizione e di contatto.<\/li>\n<li><b>Informazioni sull\u2019uso dei nostri servizi e prodotti<\/b>: Quando l\u2019utente visita il nostro sito web, possiamo raccogliere informazioni sul tipo di dispositivo utilizzato, sul numero identificativo del dispositivo, sull\u2019indirizzo IP del dispositivo, sul sistema operativo, sul tipo di browser Internet utilizzato, informazioni sull\u2019uso, informazioni diagnostiche, dati di navigazione, informazioni sul riepilogo della sessione, caratteristiche dei file (inclusi caratteristiche per foto, video, musica e documenti) e informazioni sulla localizzazione da o su computer, smartphone o altri dispositivi su cui l\u2019utente installa o da cui l\u2019utente accede ai nostri prodotti e servizi. Alcune di queste informazioni potrebbero essere acquisite automaticamente.<\/li>\n<li><b>Informazioni da parti terze<\/b>: I dati da noi raccolti non vengono in alcun modo ceduti a ditte terze. Utilizziamo dati forniti da terze parti (Google e Facebook) per l\u2019attivazione di alcune funzionalit\u00e0 (bottoni di sharing) o per raccogliere informazioni statistiche utili per il miglioramento delle prestazioni del sito stesso (Google Analytics).<\/li>\n<\/ul>\n<p><u>Come vengono utilizzati i dati personali dell\u2019utente<\/u><\/p>\n<p>In linea generale, utilizziamo i dati personali per fornire, migliorare e sviluppare i nostri prodotti e servizi, per comunicare con l\u2019utente, per offrirgli messaggi pubblicitari e servizi mirati, e per proteggere noi e l\u2019utente stesso.<\/p>\n<p>In qualit\u00e0 di data controller, Dosita S.r.l.. raccoglie, tratta e determina come trattare i dati personali dell\u2019utente per i seguenti scopi:<\/p>\n<ul>\n<li><b>Fornitura, miglioramento e sviluppo dei nostri prodotti e servizi<\/b>: Utilizziamo i dati personali per poter fornire, migliorare e sviluppare i nostri prodotti, servizi e materiale pubblicitario. Ci\u00f2 include l\u2019utilizzo di dati personali a fini interni quali analisi dei dati, ricerche e verifiche. Tale trattamento si basa sul nostro legittimo interesse di offrire prodotti e servizi all\u2019utente e di garantire la continuit\u00e0 aziendale. Qualora l\u2019utente effettui un acquisto, si registri sul sito, o ci invii una mail con richiesta di informazioni, possiamo usare i dati personali che questi ci ha fornito a scopo amministrativo.<\/li>\n<li><b>Comunicazione con l\u2019utente<\/b>: Previo esplicito consenso dell\u2019utente, possiamo utilizzare i suoi dati personali per inviargli comunicazioni di marketing relative a prodotti e servizi propri di Dosita S.r.l., per inviargli comunicazioni in merito al suo account, a transazioni o richieste di informazioni, oltre che per informarlo relativamente alle nostre normative e condizioni. Qualora l\u2019utente non desideri pi\u00f9 ricevere comunicazioni via e-mail a scopi di marketing, \u00e8 pregato di <u><a href=\"https:\/\/www.dosita.com\/contatta-il-d-p-o\/\">contattarci<\/a><\/u> per richiedere il recesso. Possiamo utilizzare le informazioni dell\u2019utente per processare e rispondere alle sue richieste di contatto.<\/li>\n<\/ul>\n<p>Per tutti gli utilizzi dei dati descritti qui sopra che richiedono il consenso preliminare dell\u2019utente, l\u2019utente pu\u00f2 ritirare il proprio consenso <u><a href=\"https:\/\/www.dosita.com\/contatta-il-d-p-o\/\">contattandoci<\/a><\/u>, oppure richiedendo la cancellazione dei dati dal <a href=\"https:\/\/www.dosita.it\/gestione-privacy\/\" target=\"_blank\" rel=\"noopener\">pannello di controllo<\/a>.<\/p>\n<ul>\n<li><b>Promozione della sicurezza<\/b>: Utilizziamo i dati personali dell\u2019utente per contribuire a verificare account e attivit\u00e0 dell\u2019utente, oltre a promuovere la sicurezza, ad esempio controllando tentativi di frode e indagando su attivit\u00e0 sospette o potenzialmente illegali. Tali procedure si basano sul nostro legittimo interesse di assicurare la sicurezza dei nostri prodotti e servizi.<\/li>\n<\/ul>\n<p><strong>Commenti sul sito<\/strong><\/p>\n<p>Quando i visitatori lasciano commenti sul sito, raccogliamo i dati mostrati nel modulo dei commenti oltre all\u2019indirizzo IP del visitatore e la stringa dello user agent del browser per facilitare il rilevamento dello spam.<\/p>\n<p>Una stringa anonimizzata creata a partire dal tuo indirizzo email (altrimenti detta hash) pu\u00f2 essere fornita al servizio Gravatar per vedere se lo stai usando. La privacy policy del servizio Gravatar \u00e8 disponibile qui: https:\/\/automattic.com\/privacy\/. Dopo l\u2019approvazione del tuo commento, la tua immagine del profilo \u00e8 visibile al pubblico nel contesto del tuo commento.<\/p>\n<p><strong>Cookie<\/strong><\/p>\n<p>Utilizziamo i cookie e tecnologie similari per fornire, proteggere e migliorare i nostri prodotti e servizi, ad esempio personalizzando i contenuti, offrendo e misurando gli annunci pubblicitari, comprendendo i comportamenti dell\u2019utente e fornendo un\u2019esperienza pi\u00f9 sicura.<\/p>\n<p>\u00c8 possibile rimuovere o rifiutare i cookie dalle impostazioni del browser o del dispositivo, tuttavia ci\u00f2 potrebbe compromettere la possibilit\u00e0 da parte dell\u2019utente di utilizzare i nostri prodotti e servizi.<\/p>\n<p>L\u2019utente \u00e8 invitato a leggere la nostra <a href=\"https:\/\/www.dosita.com\/cookie-policy\/\">Cookie Policy<\/a> per ricevere maggiori informazioni sull\u2019utilizzo dei cookie e sulle possibilit\u00e0 di cui pu\u00f2 avvalersi.<\/p>\n<p><strong>Contenuto incorporato da altri siti web<\/strong><\/p>\n<p>Segue elenco dei servizi forniti da terzi per il corretto funzionamento di alcune funzionalit\u00e0 del sito o per la raccolta di informazioni statistiche:<\/p>\n<ul>\n<li><strong>Google Analytics<br \/>\n<\/strong>Google Analytics \u00e8 un servizio di analisi web fornito da Google Inc. (\u201cGoogle\u201d). Google utilizza i Dati Personali raccolti allo scopo di tracciare ed esaminare l\u2019utilizzo di questo spazio online, compilare report e condividerli con gli altri servizi sviluppati da Google.<br \/>\nGoogle potrebbe utilizzare i Dati Personali per contestualizzare e personalizzare gli annunci del proprio network pubblicitario.<br \/>\nDati Personali raccolti: Cookie e Dati di utilizzo.<br \/>\nLuogo del trattamento: USA \u2013 <a href=\"https:\/\/www.google.com\/intl\/it\/policies\/privacy\/\" target=\"_blank\" rel=\"noopener\">Privacy Policy<\/a> \u2013 <a href=\"https:\/\/tools.google.com\/dlpage\/gaoptout?hl=it\" target=\"_blank\" rel=\"noopener\">Opt Out<\/a><\/li>\n<li><strong>Pulsante Mi Piace e widget sociali di Facebook (Facebook, Inc.)<\/strong><br \/>\nIl pulsante \u201cMi Piace\u201d e i widget sociali di Facebook sono servizi di interazione con il social network Facebook, forniti da Facebook, Inc.<br \/>\nDati Personali raccolti: Cookie e Dati di utilizzo.<br \/>\nLuogo del trattamento: USA \u2013 <a href=\"https:\/\/www.facebook.com\/privacy\/explanation\" target=\"_blank\" rel=\"noopener\">Privacy Policy<\/a><\/li>\n<li><strong>Pulsante +1 e widget sociali di Google+ (Google Inc.)<\/strong><br \/>\nIl pulsante +1 e i widget sociali di Google+ sono servizi di interazione con il social network Google+, forniti da Google Inc.<br \/>\nDati Personali raccolti: Cookie e Dati di utilizzo.<br \/>\nLuogo del trattamento: USA \u2013 <a href=\"https:\/\/www.google.com\/intl\/policies\/privacy\/\" target=\"_blank\" rel=\"noopener\">Privacy Policy<\/a><\/li>\n<\/ul>\n<h4>3. Con chi condividiamo i tuoi dati<\/h4>\n<p class=\"privacy-policy-tutorial\">Dosita S.r.l. normalmente non condivide con nessuno i dati raccolti attraverso il proprio sito internet. Saranno forniti solo alcuni dati (nome e cognome, indirizzo ed eventuale contatto telefonico) allo spedizioniere in caso d\u2019acquisto, cosa necessaria per la consegna del pacco ordinato.<\/p>\n<h4>4. Per quanto tempo conserviamo i tuoi dati<\/h4>\n<p>Se lasci un commento, il commento e i relativi metadati vengono conservati a tempo indeterminato. \u00c8 cos\u00ec che possiamo riconoscere e approvare automaticamente eventuali commenti successivi invece di tenerli in una coda di moderazione.<\/p>\n<p>Per gli utenti che si registrano sul nostro sito web (se presenti), memorizziamo anche le informazioni personali che forniscono nel loro profilo utente. Tutti gli utenti possono vedere, modificare o cancellare le loro informazioni personali in qualsiasi momento (eccetto il loro nome utente che non possono cambiare). Gli amministratori del sito web possono anche vedere e modificare queste informazioni.<\/p>\n<p>Normalmente le tempistiche di mantenimento dei dati sono:<\/p>\n<ul>\n<li>voci dei moduli di contatto per sei mesi<\/li>\n<li>record delle statistiche per un anno<\/li>\n<li>record di acquisto dei clienti per cinque anni<\/li>\n<\/ul>\n<h4><b>5. Modalit\u00e0 di trattamento dei dati<\/b><\/h4>\n<p>Il Titolare tratta i Dati Personali degli Utenti adottando le opportune misure di sicurezza volte ad impedire l\u2019accesso, la divulgazione, la modifica o la distruzione non autorizzate dei Dati Personali.<\/p>\n<p>Il trattamento viene effettuato mediante strumenti informatici e\/o telematici, con modalit\u00e0 organizzative e con logiche strettamente correlate alle finalit\u00e0 indicate. Oltre al Titolare, in alcuni casi, potrebbero avere accesso ai Dati categorie di incaricati coinvolti nell\u2019organizzazione del sito (personale amministrativo, commerciale, marketing, legali, amministratori di sistema) ovvero soggetti esterni (come fornitori di servizi tecnici terzi, corrieri postali, hosting provider, societ\u00e0 informatiche, agenzie di comunicazione) nominati anche, se necessario, Responsabili del Trattamento da parte del Titolare.<\/p>\n<h4>6. Quali diritti hai sui tuoi dati<\/h4>\n<p>L\u2019Utente, in qualit\u00e0 di interessato, potr\u00e0 rivolgersi al Titolare, in qualsiasi momento, senza alcuna formalit\u00e0, per far valere i suoi diritti, cos\u00ec come previsti dall\u2019articolo 7 del Codice Privacy, che per comodit\u00e0 di lettura dell\u2019Utente si riporta di seguito nella sua interezza:<\/p>\n<p>1. L\u2019interessato ha diritto di ottenere la conferma dell\u2019esistenza o meno di dati personali che lo riguardano, anche se non ancora registrati e la loro comunicazione in forma intelligibile.<\/p>\n<p>2. L\u2019interessato ha diritto di ottenere l\u2019indicazione:<\/p>\n<ul>\n<li>dell\u2019origine dei dati personali;<\/li>\n<li>delle finalit\u00e0 e modalit\u00e0 del trattamento;<\/li>\n<li>della logica applicata in caso di trattamento effettuato con l\u2019ausilio di strumenti elettronici;<\/li>\n<li>degli estremi identificativi del titolare, dei responsabili e del rappresentante designato ai sensi dell\u2019articolo 5, comma 2 (del Codice Privacy);<\/li>\n<li>dei soggetti o delle categorie di soggetti ai quali i dati personali possono essere comunicati o che possono venirne a conoscenza in qualit\u00e0 di rappresentante designato nel territorio dello Stato, di responsabili o incaricati.<\/li>\n<\/ul>\n<p>3. L\u2019interessato ha diritto di ottenere:<\/p>\n<ul>\n<li>l\u2019aggiornamento, la rettificazione ovvero, quando vi ha interesse, l\u2019integrazione dei dati;<\/li>\n<li>la cancellazione, la trasformazione in forma anonima o il blocco dei dati trattati in violazione di legge, compresi quelli di cui non \u00e8 necessaria la conservazione in relazione agli scopi per i quali i dati sono stati raccolti o successivamente trattati;<\/li>\n<li>l\u2019attestazione che le operazioni di cui alle lettere a) e b) sono state portate a conoscenza, anche per quanto riguarda il loro contenuto, di coloro ai quali i dati sono stati comunicati o diffusi, eccettuato il caso in cui tale adempimento si rivela impossibile o comporta un impiego di mezzi manifestamente sproporzionato rispetto al diritto tutelato.<\/li>\n<\/ul>\n<p>4. L\u2019interessato ha diritto di opporsi, in tutto o in parte:<\/p>\n<ul>\n<li>per motivi legittimi al trattamento dei dati personali che lo riguardano, ancorch\u00e9 pertinenti allo scopo della raccolta;<\/li>\n<li>al trattamento di dati personali che lo riguardano a fini di invio di materiale pubblicitario o di vendita diretta o per il compimento di ricerche di mercato o di comunicazione commerciale.\u201d<\/li>\n<\/ul>\n<h4><b>7. Modifiche a questa privacy policy<\/b><\/h4>\n<p>Il Titolare del Trattamento si riserva il diritto di apportare modifiche alla presente privacy policy in qualunque momento dandone pubblicit\u00e0 agli Utenti su questa pagina. Si prega dunque di consultare spesso questa pagina, prendendo come riferimento la data di ultima modifica indicata in fondo. Nel caso di mancata accettazione delle modifiche apportate alla privacy policy \u2013 ferma tuttavia la facolt\u00e0 per l\u2019Utente di negare il consenso ad alcune modalit\u00e0 di trattamento dei dati eventualmente ivi indicate -, l\u2019Utente \u00e8 tenuto a cessare l\u2019utilizzo del sito cui la presente privacy policy si riferisce e pu\u00f2 richiedere al Titolare del Trattamento di rimuovere i propri Dati Personali. In tal caso, la precedente privacy policy continuer\u00e0 ad applicarsi ai Dati Personali sino a quel momento raccolti<b>.<\/b><\/p>\n<\/div><\/div><\/div><\/div><\/div>\n","protected":false},"excerpt":{"rendered":"","protected":false},"author":8173,"featured_media":0,"parent":0,"menu_order":0,"comment_status":"closed","ping_status":"closed","template":"100-width.php","meta":{"footnotes":""},"class_list":["post-3086","page","type-page","status-publish","hentry"],"_links":{"self":[{"href":"https:\/\/www.dosita.com\/en\/wp-json\/wp\/v2\/pages\/3086"}],"collection":[{"href":"https:\/\/www.dosita.com\/en\/wp-json\/wp\/v2\/pages"}],"about":[{"href":"https:\/\/www.dosita.com\/en\/wp-json\/wp\/v2\/types\/page"}],"author":[{"embeddable":true,"href":"https:\/\/www.dosita.com\/en\/wp-json\/wp\/v2\/users\/8173"}],"replies":[{"embeddable":true,"href":"https:\/\/www.dosita.com\/en\/wp-json\/wp\/v2\/comments?post=3086"}],"version-history":[{"count":1,"href":"https:\/\/www.dosita.com\/en\/wp-json\/wp\/v2\/pages\/3086\/revisions"}],"predecessor-version":[{"id":3087,"href":"https:\/\/www.dosita.com\/en\/wp-json\/wp\/v2\/pages\/3086\/revisions\/3087"}],"wp:attachment":[{"href":"https:\/\/www.dosita.com\/en\/wp-json\/wp\/v2\/media?parent=3086"}],"curies":[{"name":"wp","href":"https:\/\/api.w.org\/{rel}","templated":true}]}}